{"id":146,"date":"2013-09-10T21:31:28","date_gmt":"2013-09-10T19:31:28","guid":{"rendered":"http:\/\/handballratingen.de\/wp\/?page_id=146"},"modified":"2019-02-21T13:46:37","modified_gmt":"2019-02-21T12:46:37","slug":"chronik","status":"publish","type":"page","link":"https:\/\/www.handballratingen.de\/wp\/?page_id=146","title":{"rendered":"Chronik"},"content":{"rendered":"<p style=\"text-align: left;\">Die Handballabteilung ist Bestandteil des im Jahre 1865 gegr\u00fcndeten Turnverein in Ratingen. Der\u00a0<a title=\"Hier gehts zum TV Ratingen\" href=\"http:\/\/www.tv-ratingen.de.sport-id.de\/\" target=\"_blank\">TV Ratingen<\/a>\u00a0ist der \u00e4lteste Sportverein im Kreis Mettmann und verf\u00fcgt mittlerweile \u00fcber mehr als 6.000 Mitglieder. Der Verein bietet Sport f\u00fcr jedermann. Mit \u00fcber 40 Sportarten bietet er sowohl den Mitgliedern und B\u00fcrgern Ratingens als auch \u00fcberregional Interessierten ein &#8222;Rundumsorglospaket&#8220; an.<\/p>\n<p style=\"text-align: justify;\"><img decoding=\"async\" class=\"alignnone size-full wp-image-495 aligncenter\" src=\"http:\/\/handballratingen.de\/wp\/wp-content\/uploads\/2013\/09\/tradition2.jpg\" alt=\"tradition2\" width=\"191\" height=\"58\" \/><\/p>\n<div>\n<p style=\"text-align: left;\" align=\"justify\">Die Handballabteilung entstand Anfang des letzten Jahrhunderts. Im Januar 1920 hatte der Kreisfrauenwart des Turnkreises Brandenburg, Max Heiser, die Regeln f\u00fcr ein neues Spiel ver\u00f6ffentlicht, welches er &#8222;Handball&#8220; nannte. Er dachte in erster Linie daran, f\u00fcr die Leichtathleten einen Ausgleich bzw. Erg\u00e4nzungssport f\u00fcr die Wintermonate zu schaffen. Doch sehr schnell fand dieses Spiel bei Sportlern, besonders bei Turnern, gro\u00dfen Anklang. In die Rheinischen und Westf\u00e4lischen Turngauen wurde die neue Sportart &#8222;Handball&#8220; aufgenommen.<\/p>\n<p style=\"text-align: left;\" align=\"justify\">So kam sie auch zum TV Ratingen, wo sich sehr schnell eine spielstarke Mannschaft bildete, die 1921 an den Rundenspielen im Kreis D\u00fcsseldorf teilnahm. In der Gr\u00fcnderzeit ging es wirtschaftlich und sportlich &#8222;auf und ab&#8220;. Wie in vielen anderen Sportvereinen verschob sich die Leistungskurve kontinuierlich. In den Jahren 1940 bis 1944 bestand kurzfristig eine Spielgemeinschaft zwischen dem TV Ratingen, der Ratinger Spielvereinigung 04, Germania Eckamp sowie dem TV Tiefenbroich. Mit gro\u00dfem Erfolg bildeten diese eine erfolgreiche Mannschaft. Sp\u00e4ter trennte man sich wieder, und der TV baute in den Jahren 1946 bis 1948 die jetzige Handballabteilung auf.<\/p>\n<p style=\"text-align: left;\" align=\"justify\">In den 70er Jahren entwickelte sich ein regelrechter Handballboom. Einige Spieler wanderten zu anderen Vereinen ab. So blieb es nicht aus, dass die Handballabteilung des TV Ratingen in ein tiefes sportliches Loch fiel. 1976 konnte die Handballabteilung wieder in der Verbandsliga Flagge zeigen. Bis 1976 wurde der Handball auf dem Feld gespielt. Daher resultiert auch der Begriff Feldhandball. Die gro\u00dfen Mannschaften, wie Gr\u00fcn-Wei\u00df Dankersen oder VfL Gummersbach, zog es zum Kleinfeld- bzw. zum jetzigen Hallenhandball. Entscheidend f\u00fcr den Niedergang des Feldhandballs war, dass die Ostblockstaaten, wie die damalige UdSSR, Rum\u00e4nien oder Ungarn, nur noch in der Halle spielten. So wurde auch im TV Ratingen das Hallenhandballspiel mit gro\u00dfer Intensit\u00e4t gef\u00f6rdert.<\/p>\n<p style=\"text-align: left;\" align=\"justify\">Seit der Gr\u00fcndung der Handballer ist die Abteilung eine &#8222;feste Gr\u00f6\u00dfe&#8220; im Turnverein Ratingen. Ob bei Aufstiegen oder Abstiegen, die Fans der Handballabteilung sind wahre Idealisten und echte &#8220; TVler &#8222;. In der Saison 1995\/96 gab es\u00a0beim Ratinger Handball einen sportlichen Machtwechsel. Der TuS 08 Lintorf stieg in die Verbandsliga ab und der TVR stieg in die h\u00f6chste Liga\u00a0auf, die es in Ratingen jemals gegeben hat. Sie nannten sich ab sofort Oberligist. Mit Trainer Michael Hattig durchlebten sie eine turbulente Saison. Letztendlich stemmten die Ratinger Handballer diese Oberliga-Saison und belegten am Ende\u00a0einen guten Mittelfeldplatz. In dieser Saison zeigte sich immer wieder beeindruckend\u00a0Manfred Brunke. Er f\u00fchrte die Truppe mit seiner starken Leistung immer wieder zum Sieg.<\/p>\n<p style=\"text-align: left;\" align=\"justify\">Die Fangemeinde der Handballabteilung ist in den letzten Jahren stetig gewachsen und erreicht bei heutigen Handballbegegnungen im Durchschnitt \u00fcber 300 Zuschauer. Kameradschaftliches und faires Auftreten &#8211; daf\u00fcr sind die Handballer bekannt und daher gern gesehene G\u00e4ste. Der seit Jahrzehnten ausgezeichneten Arbeit der Trainer im Jugendbereich verdankt die Handballabteilung , dass es heute insgesamt 13 spielf\u00e4hige Mannschaften im Jugend- und Seniorenbereich sowie weitere vier Mannschaften bei der M\u00e4dchenspielgemeinschaft Ratingen\/Lintorf gibt. Eine Vielzahl der damaligen Spieler sind heute erfahrene Trainer. Kleine Ratinger Erdenb\u00fcrger lernen beim TV Ratingen das Laufen und entscheiden sich dann f\u00fcr den Handballsport. Ihre Vita beginnt bei den Bambinis bzw. bei\u00a0 der F-Jugend und zieht sich \u00fcber die A-Jugend bis in den Seniorenbereich durch.<\/p>\n<p style=\"text-align: left;\" align=\"justify\">Seit 1988 wird die Handballabteilung durch Thomas Oberwinster erfolgreich gef\u00fchrt. Im September 2013 beging er sein 25-j\u00e4hriges Jubil\u00e4um. Seit Beginn seiner Amtszeit verfolgt der Abteilungsleiter Thomas Oberwinster konsequent sein Ziel, dass die Handballabteilung beim TV Ratingen eine &#8222;feste Gr\u00f6\u00dfe&#8220; bleibt. Der Erfolg gibt ihm Recht: Aktuell geh\u00f6ren der Handballabteilung des TV Ratingen weit \u00fcber 200 Mitglieder an.<\/p>\n<\/div>\n","protected":false},"excerpt":{"rendered":"<p>Die Handballabteilung ist Bestandteil des im Jahre 1865 gegr\u00fcndeten Turnverein in Ratingen. Der\u00a0TV Ratingen\u00a0ist der \u00e4lteste Sportverein im Kreis Mettmann und verf\u00fcgt mittlerweile \u00fcber mehr als 6.000 Mitglieder. Der Verein bietet Sport f\u00fcr jedermann. Mit \u00fcber 40 Sportarten bietet er sowohl den Mitgliedern und B\u00fcrgern Ratingens als auch \u00fcberregional Interessierten  [&#8230;]<\/p>\n","protected":false},"author":1,"featured_media":0,"parent":0,"menu_order":0,"comment_status":"open","ping_status":"open","template":"","meta":{"ngg_post_thumbnail":0,"jetpack_post_was_ever_published":false,"footnotes":""},"class_list":["post-146","page","type-page","status-publish","hentry"],"jetpack_sharing_enabled":true,"jetpack_shortlink":"https:\/\/wp.me\/P4Z74q-2m","_links":{"self":[{"href":"https:\/\/www.handballratingen.de\/wp\/index.php?rest_route=\/wp\/v2\/pages\/146","targetHints":{"allow":["GET"]}}],"collection":[{"href":"https:\/\/www.handballratingen.de\/wp\/index.php?rest_route=\/wp\/v2\/pages"}],"about":[{"href":"https:\/\/www.handballratingen.de\/wp\/index.php?rest_route=\/wp\/v2\/types\/page"}],"author":[{"embeddable":true,"href":"https:\/\/www.handballratingen.de\/wp\/index.php?rest_route=\/wp\/v2\/users\/1"}],"replies":[{"embeddable":true,"href":"https:\/\/www.handballratingen.de\/wp\/index.php?rest_route=%2Fwp%2Fv2%2Fcomments&post=146"}],"version-history":[{"count":18,"href":"https:\/\/www.handballratingen.de\/wp\/index.php?rest_route=\/wp\/v2\/pages\/146\/revisions"}],"predecessor-version":[{"id":5083,"href":"https:\/\/www.handballratingen.de\/wp\/index.php?rest_route=\/wp\/v2\/pages\/146\/revisions\/5083"}],"wp:attachment":[{"href":"https:\/\/www.handballratingen.de\/wp\/index.php?rest_route=%2Fwp%2Fv2%2Fmedia&parent=146"}],"curies":[{"name":"wp","href":"https:\/\/api.w.org\/{rel}","templated":true}]}}