{"id":153,"date":"2013-09-10T21:35:59","date_gmt":"2013-09-10T19:35:59","guid":{"rendered":"http:\/\/handballratingen.de\/wp\/?page_id=153"},"modified":"2025-03-31T13:29:40","modified_gmt":"2025-03-31T12:29:40","slug":"trainer","status":"publish","type":"page","link":"https:\/\/www.handballratingen.de\/wp\/?page_id=153","title":{"rendered":"Trainingszeiten"},"content":{"rendered":"<p><strong>Trainingszeiten f\u00fcr den Senioren &#8211; und Jugendbereich in der Saison 2025\/26<\/strong><\/p>\n<p>G\u00fcltig ab 15.05.2025<\/p>\n<div class=\"table-1\">\n<table width=\"100%\">\n<thead><\/thead>\n<tbody>\n<tr>\n<td style=\"text-align: left;\"><strong>Mannschaft<\/strong><\/td>\n<td style=\"text-align: left;\"><strong>Zeit<\/strong><\/td>\n<td style=\"text-align: left;\"><strong>Halle<\/strong><\/td>\n<\/tr>\n<tr>\n<td style=\"text-align: left;\">1. Herren<\/td>\n<td style=\"text-align: left;\">Mo 20:30 &#8211; 22:00 Uhr<br \/>\nMi 20:00 &#8211; 22:00 Uhr<\/td>\n<td style=\"text-align: left;\">Breitscheider Weg<br \/>\nGothaer Stra\u00dfe<\/td>\n<\/tr>\n<tr>\n<td style=\"text-align: left;\">2. Herren<\/td>\n<td style=\"text-align: left;\">Mi 20:00 &#8211; 22:00 Uhr&nbsp;<br \/>\nFr 20:00 &#8211; 22:00 Uhr<\/td>\n<td style=\"text-align: left;\">Wiesenstra\u00dfe<br \/>\nWiesenstra\u00dfe<\/td>\n<\/tr>\n<tr>\n<td style=\"text-align: left;\">3. Herren<\/td>\n<td style=\"text-align: left;\">Mi 20:00 &#8211; 22:00 Uhr&nbsp;<br \/>\nFr 20:00 &#8211; 22:00 Uhr<\/td>\n<td style=\"text-align: left;\">Wiesenstra\u00dfe<br \/>\nWiesenstra\u00dfe<\/td>\n<\/tr>\n<tr>\n<td style=\"text-align: left;\">1. Damen<\/td>\n<td style=\"text-align: left;\">Di 18:30 &#8211; 20:00 Uhr<br \/>\nDo 18:30 &#8211; 20:00 Uhr<\/td>\n<td style=\"text-align: left;\">Wiesenstra\u00dfe<br \/>\nWiesenstra\u00dfe<\/td>\n<\/tr>\n<tr>\n<td style=\"text-align: left;\">2. Damen<\/td>\n<td style=\"text-align: left;\">Mo 20:30 &#8211; 22:00 Uhr<br \/>\nMi 20:00 &#8211; 21:30 Uhr<\/td>\n<td style=\"text-align: left;\">Wiesenstra\u00dfe<br \/>\nErfurter Stra\u00dfe<\/td>\n<\/tr>\n<tr>\n<td style=\"text-align: left;\">m\u00e4nnl. A-Jugend<br \/>\n<em>Jg. 2007\/08<\/em><\/td>\n<td style=\"text-align: left;\">Mo 20:30 &#8211; 22:00 Uhr<br \/>\nMi 18:30 &#8211; 20:00 Uhr<br \/>\nDo 17:00 &#8211; 18:30 Uhr<\/td>\n<td style=\"text-align: left;\">Breitscheider Weg<br \/>\nGothaer Stra\u00dfe<br \/>\nD\u00fcrerring<\/td>\n<\/tr>\n<tr>\n<td style=\"text-align: left;\">m\u00e4nnl. B-Jugend<br \/>\n<em>Jg. 2009\/10<\/em><\/td>\n<td style=\"text-align: left;\">Mo 19:00 &#8211; 20:30 Uhr<br \/>\nMi 18:30 &#8211; 20:00 Uhr<br \/>\nDo 17:00 &#8211; 18:30 Uhr<\/td>\n<td style=\"text-align: left;\">Europaring<br \/>\nGothaer Stra\u00dfe<br \/>\nD\u00fcrerring<\/td>\n<\/tr>\n<tr>\n<td style=\"text-align: left;\">m\u00e4nnl. C-Jugend<br \/>\n<em>Jg. 2011\/12<\/em><\/td>\n<td style=\"text-align: left;\">Mo 18:00 &#8211; 19:30 Uhr<br \/>\nMi 17:00 &#8211; 18:30 Uhr<\/td>\n<td style=\"text-align: left;\">Wiesenstra\u00dfe<br \/>\nWiesenstra\u00dfe<\/td>\n<\/tr>\n<tr>\n<td style=\"text-align: left;\">gem. D-Jugend<br \/>\n<em>Jg. 2013\/14<\/em><\/td>\n<td style=\"text-align: left;\">Mo 17:00 &#8211; 18:30<br \/>\nDi 17:00 &#8211; 18:30<\/td>\n<td style=\"text-align: left;\">Wiesenstra\u00dfe<br \/>\nWiesenstra\u00dfe<\/td>\n<\/tr>\n<tr>\n<td style=\"text-align: left;\">gem. E-Jugend<br \/>\n<em>Jg. 2015\/16<\/em><\/td>\n<td style=\"text-align: left;\">Di 17:00 &#8211; 18:30 Uhr<br \/>\nFr 17:00 &#8211; 18:30 Uhr<\/td>\n<td style=\"text-align: left;\">Wiesenstra\u00dfe<br \/>\nWiesenstra\u00dfe<\/td>\n<\/tr>\n<tr>\n<td style=\"text-align: left;\">gem. F-Jugend<br \/>\n<em>Jg. 2017\/18<\/em><\/td>\n<td style=\"text-align: left;\">Do 17:00 &#8211; 18:30 Uhr<\/td>\n<td style=\"text-align: left;\">Wiesenstra\u00dfe<\/td>\n<\/tr>\n<tr>\n<td style=\"text-align: left;\">Bambinis<br \/>\n<em>Jg. 2019\/20<\/em><\/td>\n<td style=\"text-align: left;\">Do 17:00 &#8211; 18:00 Uhr<\/td>\n<td style=\"text-align: left;\">Wiesenstra\u00dfe<\/td>\n<\/tr>\n<\/tbody>\n<\/table>\n<p>&nbsp;<\/p>\n<p><strong>Hallenverzeichnis<\/strong><\/p>\n<table width=\"100%\">\n<thead><\/thead>\n<tbody>\n<tr>\n<td style=\"text-align: left;\"><strong>Halle<\/strong><\/td>\n<td style=\"text-align: left;\"><strong>Anschrift<\/strong><\/td>\n<\/tr>\n<tr>\n<td style=\"text-align: left;\">Europaring<\/td>\n<td style=\"text-align: left;\"><a href=\"https:\/\/www.google.de\/maps\/place\/Carl+Friedrich+von+Weizs%C3%A4cker-Gymnasium\/@51.2923781,6.8528019,15z\/data=!4m2!3m1!1s0x0:0x394885ebad1d39d6?sa=X&amp;ei=OxWMVbGMMciVsAHd5oGgCQ&amp;ved=0CHcQ_BIwDQ\" target=\"_blank\" rel=\"noopener noreferrer\">Karl-M\u00fccher-Weg, 40878 Ratingen<\/a><\/td>\n<\/tr>\n<tr>\n<td style=\"text-align: left;\">Wiesenstra\u00dfe<\/td>\n<td style=\"text-align: left;\"><a href=\"https:\/\/www.google.de\/maps\/place\/adam+josef+c%C3%BCppers+berufskolleg+ratingen\/@51.29664,6.84582,15z\/data=!4m2!3m1!1s0x0:0xe83b8f5cfeff8b1d?sa=X&amp;ei=0xSMVcnYLIyqsAHUtID4BA&amp;ved=0CG0Q_BIwDg\" target=\"_blank\" rel=\"noopener noreferrer\">Minoritenstra\u00dfe 10, 40878 Ratingen<\/a><\/td>\n<\/tr>\n<tr>\n<td style=\"text-align: left;\">Gothaer Stra\u00dfe<\/td>\n<td style=\"text-align: left;\"><a href=\"https:\/\/www.google.de\/maps\/place\/Sporthalle\/@51.28875,6.8073,17z\/data=!3m1!4b1!4m2!3m1!1s0x47b8c85b1f49a8bf:0x84d356b3d5629ef4\" target=\"_blank\" rel=\"noopener noreferrer\">Gothaer Stra\u00dfe 23a, 40880 Ratingen<\/a><\/td>\n<\/tr>\n<tr>\n<td style=\"text-align: left;\">Breitscheider Weg<\/td>\n<td style=\"text-align: left;\"><a href=\"https:\/\/www.google.de\/maps\/place\/Sporthalle\/@51.3419838,6.8258762,17z\/data=!3m1!4b1!4m6!3m5!1s0x47b8c7b47d0cdff3:0x496b468c69c1c1f8!8m2!3d51.3419805!4d6.8284511!16s%2Fg%2F11b6d76wkz?entry=ttu\" target=\"_blank\" rel=\"noopener noreferrer\">Breitscheider Weg, Ratingen-Lintorf<\/a><\/td>\n<\/tr>\n<tr>\n<td style=\"text-align: left;\">D\u00fcrerring<\/td>\n<td style=\"text-align: left;\"><a href=\"https:\/\/www.google.de\/maps\/place\/Suitbertusschule\/@51.2926887,6.8446072,15z\/data=!4m2!3m1!1s0x0:0x7e0577fff28878db?sa=X&amp;ei=6RWMVcO5L4G5sAHI_4CoCQ&amp;ved=0CHYQ_BIwCg\" target=\"_blank\" rel=\"noopener noreferrer\">D\u00fcrerring 3, 40878 Ratingen<\/a><\/td>\n<\/tr>\n<tr>\n<td style=\"text-align: left;\">Erfurter Stra\u00dfe<\/td>\n<td style=\"text-align: left;\"><a href=\"https:\/\/www.google.de\/maps\/place\/Erfurter+Str.,+40880+Ratingen\/@51.2918403,6.8172048,428m\/data=!3m1!1e3!4m15!1m8!3m7!1s0x47b8c85f204497ef:0x5673f9a4f6837668!2sErfurter+Str.,+40880+Ratingen!3b1!8m2!3d51.2919327!4d6.817079!16s%2Fg%2F1tgkgcq5!3m5!1s0x47b8c85f204497ef:0x5673f9a4f6837668!8m2!3d51.2919327!4d6.817079!16s%2Fg%2F1tgkgcq5?entry=ttu\" target=\"_blank\" rel=\"noopener noreferrer\">Schulzentrum Ratingen-West<\/a><\/td>\n<\/tr>\n<\/tbody>\n<\/table>\n<\/div>\n","protected":false},"excerpt":{"rendered":"<p>Trainingszeiten f\u00fcr den Senioren &#8211; und Jugendbereich in der Saison 2025\/26 G\u00fcltig ab 15.05.2025 Mannschaft Zeit Halle 1. Herren Mo 20:30 &#8211; 22:00 Uhr Mi 20:00 &#8211; 22:00 Uhr Breitscheider Weg Gothaer Stra\u00dfe 2. Herren Mi 20:00 &#8211; 22:00 Uhr&nbsp; Fr 20:00 &#8211; 22:00 Uhr Wiesenstra\u00dfe Wiesenstra\u00dfe 3. Herren Mi  [&#8230;]<\/p>\n","protected":false},"author":1,"featured_media":0,"parent":6375,"menu_order":0,"comment_status":"open","ping_status":"open","template":"","meta":{"ngg_post_thumbnail":0,"jetpack_post_was_ever_published":false,"footnotes":""},"class_list":["post-153","page","type-page","status-publish","hentry"],"jetpack_sharing_enabled":true,"jetpack_shortlink":"https:\/\/wp.me\/P4Z74q-2t","_links":{"self":[{"href":"https:\/\/www.handballratingen.de\/wp\/index.php?rest_route=\/wp\/v2\/pages\/153","targetHints":{"allow":["GET"]}}],"collection":[{"href":"https:\/\/www.handballratingen.de\/wp\/index.php?rest_route=\/wp\/v2\/pages"}],"about":[{"href":"https:\/\/www.handballratingen.de\/wp\/index.php?rest_route=\/wp\/v2\/types\/page"}],"author":[{"embeddable":true,"href":"https:\/\/www.handballratingen.de\/wp\/index.php?rest_route=\/wp\/v2\/users\/1"}],"replies":[{"embeddable":true,"href":"https:\/\/www.handballratingen.de\/wp\/index.php?rest_route=%2Fwp%2Fv2%2Fcomments&post=153"}],"version-history":[{"count":109,"href":"https:\/\/www.handballratingen.de\/wp\/index.php?rest_route=\/wp\/v2\/pages\/153\/revisions"}],"predecessor-version":[{"id":30184,"href":"https:\/\/www.handballratingen.de\/wp\/index.php?rest_route=\/wp\/v2\/pages\/153\/revisions\/30184"}],"up":[{"embeddable":true,"href":"https:\/\/www.handballratingen.de\/wp\/index.php?rest_route=\/wp\/v2\/pages\/6375"}],"wp:attachment":[{"href":"https:\/\/www.handballratingen.de\/wp\/index.php?rest_route=%2Fwp%2Fv2%2Fmedia&parent=153"}],"curies":[{"name":"wp","href":"https:\/\/api.w.org\/{rel}","templated":true}]}}