{"id":16,"date":"2013-09-09T22:09:01","date_gmt":"2013-09-09T20:09:01","guid":{"rendered":"http:\/\/handballratingen.de\/wp\/?page_id=16"},"modified":"2025-11-30T14:25:26","modified_gmt":"2025-11-30T13:25:26","slug":"aktuelles","status":"publish","type":"page","link":"https:\/\/www.handballratingen.de\/wp\/","title":{"rendered":"Aktuelles"},"content":{"rendered":"<p><script> (function(e,t,n,r,i,s,o){e[i]=e[i]||function(){(e[i].q=e[i].q||[]).push(arguments)}, e[i].l=1*new Date;s=t.createElement(n),o=t.getElementsByTagName(n)[0];s.async=1; s.src=r;o.parentNode.insertBefore(s,o)})(window,document,\"script\", 'https:\/\/www.handball.net\/widgets\/embed\/v1.js',\"_hb\"); <\/script><\/p>\n<div class=\"text_exposed_show\"><!-- This slideshow output is generated with Advanced post slider a multipurpose responsive WordPress slideshow plugin - http:\/\/www.wpcue.com\/wordpress-plugins\/advanced-post-slider\/ -->\r\n<style>\r\n#advps_container4 .bx-wrapper .bx-viewport {\r\n\t\t-moz-box-shadow: 0px 1px 4px #000000;\r\n\t-webkit-box-shadow: 0px 1px 4px #000000;\r\n\tbox-shadow: 0px 1px 4px #000000;\r\n\t\tbackground:#494949;\r\n}\r\n#advps_container4 .bx-wrapper .bx-pager{\r\n\ttext-align: center;\r\n\t;\r\n}\r\n#advps_container4 .bx-wrapper .bx-pager\r\n{\r\n\tbottom:-35px;\r\n\tz-index:999;\r\n}\r\n#advps_container4 .bx-wrapper .bx-controls-auto\r\n{\r\n\tbottom:6px;\r\n}\r\n#advps_container4 .bx-wrapper .bx-controls.bx-has-controls-auto.bx-has-pager .bx-pager {\r\n\ttext-align: center;\r\n}\r\n#advps_container4 .bx-wrapper .bx-controls-auto {\r\n\tz-index:99999;\r\n\ttext-align:center;width:100%;}\r\n\r\n#advps_container4 .bx-wrapper .bx-pager.bx-default-pager a {\r\n\tbackground: #666;\r\n\ttext-indent: -9999px;\r\n\tdisplay: block;\r\n\twidth: 10px;\r\n\theight: 10px;\r\n\tmargin: 0 5px;\r\n\toutline: 0;\r\n\t-moz-border-radius: 5px;\r\n\t-webkit-border-radius: 5px;\r\n\tborder-radius: 5px;\r\n\ttext-align:left;\r\n}\r\n#advps_container4 .bx-wrapper .bx-pager.bx-default-pager a:hover,\r\n#advps_container4 .bx-wrapper .bx-pager.bx-default-pager a.active {\r\n\tbackground: #000;\r\n}\r\n\r\n\/* thumbnail pager*\/\r\n#advps_container4 #bx-pager\r\n{\r\n\twidth:100%;\r\n\tposition:absolute;\r\n\tbottom:-35px;\r\n    text-align: center;\r\n\tz-index: 9999;\r\n}\r\n#advps_container4 #bx-pager a img\r\n{\r\n\tborder: 1px solid #CCCCCC;\r\n    padding: 3px;\r\n}\r\n#advps_container4 #bx-pager a:hover img, #advps_container4 #bx-pager a.active img\r\n{\r\n\tborder: 1px solid #666666;\r\n}\r\n\/* medai queries *\/\r\n#advps_container4 .advs-title,#advps_container4 .advs-title a\r\n{\r\n\tfont-size:20px;\r\n\tline-height:20px;\r\n}\r\n#advps_container4 .advps-slide p\r\n{\r\n\tfont-size:14px;\r\n\tline-height:14px;\r\n}\r\n@media screen and (max-width: 1024px){\r\n\t#advps_container4 .advs-title,#advps_container4 .advs-title a\r\n\t{\r\n\t\tfont-size:18px;\r\n\t\tline-height:18px;\r\n\t}\r\n\t#advps_container4 .advps-slide p\r\n\t{\r\n\t\tfont-size:12px;\r\n\t\tline-height:12px;\r\n\t}\r\n}\r\n@media screen and (max-width: 768px){\r\n\t#advps_container4 h2.advs-title, #advps_container4 h2.advs-title a\r\n\t{\r\n\t\tfont-size:16px;\r\n\t\tline-height:16px;\r\n\t}\r\n\t#advps_container4 .advps-slide p\r\n\t{\r\n\t\tfont-size:12px;\r\n\t\tline-height:12px;\r\n\t}\r\n}\r\n@media screen and (max-width: 650px){\r\n\t#advps_container4 h2.advs-title, #advps_container4 h2.advs-title a\r\n\t{\r\n\t\tfont-size:15px;\r\n\t\tline-height:15px;\r\n\t}\r\n\t#advps_container4 .advps-slide p\r\n\t{\r\n\t\tfont-size:12px;\r\n\t\tline-height:12px;\r\n\t}\r\n}\r\n@media screen and (max-width: 480px){\r\n\t#advps_container4 h2.advs-title, #advps_container4 h2.advs-title a\r\n\t{\r\n\t\tfont-size:15px;\r\n\t\tline-height:15px;\r\n\t}\r\n\t#advps_container4 .advps-slide p\r\n\t{\r\n\t\tfont-size:12px;\r\n\t\tline-height:12px;\r\n\t}\r\n}\r\n@media screen and (max-width: 320px){\r\n\t#advps_container4 h2.advs-title, #advps_container4 h2.advs-title a\r\n\t{\r\n\t\tfont-size:15px;\r\n\t\tline-height:15px;\r\n\t}\r\n\t#advps_container4 .advps-slide p\r\n\t{\r\n\t\tfont-size:12px;\r\n\t\tline-height:12px;\r\n\t}\r\n}\r\n<\/style>\r\n<script type=\"text\/javascript\">\r\n\t\tjQuery(document).ready(function($){\r\n\t\t\t$('#advpsslideshow_4').bxSlider({\r\n\t\t\t\tuseCSS:1,\r\n\t\t\t\tslideMargin: 0,\r\n\t\t\t\tspeed: 2000,\t\t\t\t\r\n\t\t\t\t\t\t\t\tmode: 'fade',\r\n\t\t\t\t\t\t\t\t\t\t\t\tauto: 1,\r\n\t\t\t\tautoHover: 1,\r\n\t\t\t\tpause: 8000,\r\n\t\t\t\teasing: 'linear',\r\n\t\t\t\tcontrols: 0,\r\n\t\t\t\tpager: 1,\r\n  \t\t\t\tautoControls: 1\t\t\t\t\t\t\t});\r\n\t\t\t\t\t\t\t$(\"#advpsslideshow_4 .advs-title a\").hover(function(){\r\n\t\t\t\t\t$(this).css('color','#c9c9c9');\r\n\t\t\t\t},function(){\r\n\t\t\t\t\t$(this).css('color','#81d742');\r\n\t\t\t\t});\r\n\t\t\t\t\t\t$(\"#advpsslideshow_4 .advps-slide\").hover(function(){\r\n\t\t\t\t  \t\t\t},function(){\r\n\t\t\t\t\t\t\t});\r\n\t\t});\r\n\t<\/script>\r\n<div id=\"advps_container4\" class=\"advps-slide-container\" style=\"overflow:hidden;max-width:1000px;\">\r\n \r\n  <div id=\"advpsslideshow_4\">\r\n        <div class=\"advps-slide\">\r\n\t<a target=\"_self\" href=\"https:\/\/www.handballratingen.de\/wp\/?p=33882\" >      <img decoding=\"async\" src=\"https:\/\/www.handballratingen.de\/wp\/wp-content\/uploads\/2026\/05\/1damenfortuna-scaled-e1777725610136-601x333.jpg\" width=\"601\" height=\"333\" alt=\"TV Ratingen siegt souver\u00e4n gegen Fortuna D\u00fcsseldorf\" \/>      <\/a>       \r\n      <div class=\"advps-excerpt-one\" style=\"width:36%;height:100%;top:0; right:0;\">\r\n      \t<div class=\"advps-overlay-one\" style=\"background-color:#000000; -moz-opacity:0.6;filter:alpha(opacity=60);opacity:0.6;\"><\/div>\r\n        <div class=\"advps-excerpt-block-one\" style=\"text-align:left;color:#ffffff;-moz-opacity:1;filter:alpha(opacity=100);opacity:1;\">        \r\n        <h2 class=\"advs-title\" style=\"margin:5px 0px 10px 0px;color:#81d742\"><a target=\"_self\" href=\"https:\/\/www.handballratingen.de\/wp\/?p=33882\" style=\"margin:5px 0px 10px 0px;color:#81d742\" >TV Ratingen siegt souver\u00e4n gegen Fortuna D\u00fcsseldorf<\/a><\/h2>\r\n          \r\n            <p>TV Ratingen vs. Fortuna D\u00fcsseldorf (32:26) &nbsp; Der TV Ratingen konnte sich am vergangenen Samstag in eigener Halle souver\u00e4n mit 32:26 (14:11)&nbsp;gegen Fortuna D\u00fcsseldorf durchsetzen. Von Beginn an zeigte die Mannschaft eine geschlossene und konzentrierte Leistung. &nbsp; Ratingen startete stark  [&#8230;]<\/p>\n        <\/div>\r\n      <\/div>\r\n    <\/div>\r\n        <div class=\"advps-slide\">\r\n\t<a target=\"_self\" href=\"https:\/\/www.handballratingen.de\/wp\/?p=33828\" >      <img decoding=\"async\" src=\"https:\/\/www.handballratingen.de\/wp\/wp-content\/uploads\/2025\/01\/DSC09393-1_jpg-3-601x333.jpeg\" width=\"601\" height=\"333\" alt=\"1. Damen verlieren in Duisburg\" \/>      <\/a>       \r\n      <div class=\"advps-excerpt-one\" style=\"width:36%;height:100%;top:0; right:0;\">\r\n      \t<div class=\"advps-overlay-one\" style=\"background-color:#000000; -moz-opacity:0.6;filter:alpha(opacity=60);opacity:0.6;\"><\/div>\r\n        <div class=\"advps-excerpt-block-one\" style=\"text-align:left;color:#ffffff;-moz-opacity:1;filter:alpha(opacity=100);opacity:1;\">        \r\n        <h2 class=\"advs-title\" style=\"margin:5px 0px 10px 0px;color:#81d742\"><a target=\"_self\" href=\"https:\/\/www.handballratingen.de\/wp\/?p=33828\" style=\"margin:5px 0px 10px 0px;color:#81d742\" >1. Damen verlieren in Duisburg<\/a><\/h2>\r\n          \r\n            <p>HSG VeRuKa 1F \u2013 TV Ratingen 1F 37:26 (21:7) Die Damen zeigen in Duisburg eine ihrer schlechtesten Saisonleistungen und verlieren am Ende \u2013 insbesondere aufgrund der verschlafenen ersten Halbzeit \u2013 deutlich. Mit nur kleinem Kader ging es f\u00fcr die Ratingerinnen  [&#8230;]<\/p>\n        <\/div>\r\n      <\/div>\r\n    <\/div>\r\n        <div class=\"advps-slide\">\r\n\t<a target=\"_self\" href=\"https:\/\/www.handballratingen.de\/wp\/?p=33824\" >      <img decoding=\"async\" src=\"https:\/\/www.handballratingen.de\/wp\/wp-content\/uploads\/2026\/04\/nggallery_import\/2-DSC06348-1_jpg-3-601x333.jpeg\" width=\"601\" height=\"333\" alt=\"1. Damen m\u00fcssen sich Tabellenf\u00fchrer geschlagen geben\" \/>      <\/a>       \r\n      <div class=\"advps-excerpt-one\" style=\"width:36%;height:100%;top:0; right:0;\">\r\n      \t<div class=\"advps-overlay-one\" style=\"background-color:#000000; -moz-opacity:0.6;filter:alpha(opacity=60);opacity:0.6;\"><\/div>\r\n        <div class=\"advps-excerpt-block-one\" style=\"text-align:left;color:#ffffff;-moz-opacity:1;filter:alpha(opacity=100);opacity:1;\">        \r\n        <h2 class=\"advs-title\" style=\"margin:5px 0px 10px 0px;color:#81d742\"><a target=\"_self\" href=\"https:\/\/www.handballratingen.de\/wp\/?p=33824\" style=\"margin:5px 0px 10px 0px;color:#81d742\" >1. Damen m\u00fcssen sich Tabellenf\u00fchrer geschlagen geben<\/a><\/h2>\r\n          \r\n            <p>TV Ratingen 1F \u2013 HSV \u00dcberruhr 1F 25:29 (12:14) Diesmal konnten sich die Ratingerinnen teurer verkaufen als noch im Hinspiel. So gewann zwar der Tabellenf\u00fchrer aus Essen, aber bei weitem nicht so deutlich, wie man es vielleicht erwartet h\u00e4tte.&nbsp; Von  [&#8230;]<\/p>\n        <\/div>\r\n      <\/div>\r\n    <\/div>\r\n        <div class=\"advps-slide\">\r\n\t<a target=\"_self\" href=\"https:\/\/www.handballratingen.de\/wp\/?p=33593\" >      <img decoding=\"async\" src=\"https:\/\/www.handballratingen.de\/wp\/wp-content\/uploads\/2025\/01\/DSC09393-1_jpg-3-601x333.jpeg\" width=\"601\" height=\"333\" alt=\"TV Ratingen unterliegt favorisiertem Gegner\" \/>      <\/a>       \r\n      <div class=\"advps-excerpt-one\" style=\"width:36%;height:100%;top:0; right:0;\">\r\n      \t<div class=\"advps-overlay-one\" style=\"background-color:#000000; -moz-opacity:0.6;filter:alpha(opacity=60);opacity:0.6;\"><\/div>\r\n        <div class=\"advps-excerpt-block-one\" style=\"text-align:left;color:#ffffff;-moz-opacity:1;filter:alpha(opacity=100);opacity:1;\">        \r\n        <h2 class=\"advs-title\" style=\"margin:5px 0px 10px 0px;color:#81d742\"><a target=\"_self\" href=\"https:\/\/www.handballratingen.de\/wp\/?p=33593\" style=\"margin:5px 0px 10px 0px;color:#81d742\" >TV Ratingen unterliegt favorisiertem Gegner<\/a><\/h2>\r\n          \r\n            <p>Tschft. St. T\u00f6nis &#8211; TV Ratingen 29:20 Am Sonntagmittag traf der TV Ratingen ausw\u00e4rts auf die Tschft. St. T\u00f6nis. Schon vor Anpfiff war klar, dass gegen den starken Gegner&nbsp;keine Punkte zu holen sein w\u00fcrden, dennoch nahm sich das Team vor,  [&#8230;]<\/p>\n        <\/div>\r\n      <\/div>\r\n    <\/div>\r\n        <div class=\"advps-slide\">\r\n\t<a target=\"_self\" href=\"https:\/\/www.handballratingen.de\/wp\/?p=33590\" >      <img decoding=\"async\" src=\"https:\/\/www.handballratingen.de\/wp\/wp-content\/uploads\/2026\/03\/svstraelen-scaled-e1774550318112-601x333.jpg\" width=\"601\" height=\"333\" alt=\"TV Ratingen l\u00e4sst in Straelen einen Punkt liege\" \/>      <\/a>       \r\n      <div class=\"advps-excerpt-one\" style=\"width:36%;height:100%;top:0; right:0;\">\r\n      \t<div class=\"advps-overlay-one\" style=\"background-color:#000000; -moz-opacity:0.6;filter:alpha(opacity=60);opacity:0.6;\"><\/div>\r\n        <div class=\"advps-excerpt-block-one\" style=\"text-align:left;color:#ffffff;-moz-opacity:1;filter:alpha(opacity=100);opacity:1;\">        \r\n        <h2 class=\"advs-title\" style=\"margin:5px 0px 10px 0px;color:#81d742\"><a target=\"_self\" href=\"https:\/\/www.handballratingen.de\/wp\/?p=33590\" style=\"margin:5px 0px 10px 0px;color:#81d742\" >TV Ratingen l\u00e4sst in Straelen einen Punkt liege<\/a><\/h2>\r\n          \r\n            <p>SV Straelen &#8211; TV Ratingen 29:29 Der TV Ratingen musste sich im Ausw\u00e4rtsspiel bei&nbsp;SV Straelen&nbsp;nach einer lange Zeit starken Leistung mit einem&nbsp;29:29-Unentschieden&nbsp;begn\u00fcgen. Zur Halbzeit lagen die Ratingerinnen noch verdient mit&nbsp;16:14&nbsp;in F\u00fchrung, am Ende blieb jedoch das Gef\u00fchl, eher einen Punkt  [&#8230;]<\/p>\n        <\/div>\r\n      <\/div>\r\n    <\/div>\r\n      <\/div>\r\n  <\/div><!-- end advps-slide-container -->\r\n<!-- \/ Advanced post slider a multipurpose responsive slideshow plugin -->\r\n<\/div>\n<h3><strong>Unsere n\u00e4chsten Spiele:<\/strong><\/h3>\n<div id=\"handball-spielplan\">&nbsp;<\/div>\n<p><script> _hb({ widget: 'spielplan', clubId: 'nuliga.hvniederrhein.1072', container: 'handball-spielplan' }) <\/script><\/p>\n<h3><strong>Unsere neuesten Fotos:<\/strong><\/h3>\nngg_shortcode_0_placeholder\n","protected":false},"excerpt":{"rendered":"<p>Unsere n\u00e4chsten Spiele: &nbsp; Unsere neuesten Fotos:<\/p>\n","protected":false},"author":1,"featured_media":0,"parent":0,"menu_order":0,"comment_status":"open","ping_status":"open","template":"","meta":{"ngg_post_thumbnail":0,"jetpack_post_was_ever_published":false,"footnotes":""},"class_list":["post-16","page","type-page","status-publish","hentry"],"jetpack_sharing_enabled":true,"jetpack_shortlink":"https:\/\/wp.me\/P4Z74q-g","_links":{"self":[{"href":"https:\/\/www.handballratingen.de\/wp\/index.php?rest_route=\/wp\/v2\/pages\/16","targetHints":{"allow":["GET"]}}],"collection":[{"href":"https:\/\/www.handballratingen.de\/wp\/index.php?rest_route=\/wp\/v2\/pages"}],"about":[{"href":"https:\/\/www.handballratingen.de\/wp\/index.php?rest_route=\/wp\/v2\/types\/page"}],"author":[{"embeddable":true,"href":"https:\/\/www.handballratingen.de\/wp\/index.php?rest_route=\/wp\/v2\/users\/1"}],"replies":[{"embeddable":true,"href":"https:\/\/www.handballratingen.de\/wp\/index.php?rest_route=%2Fwp%2Fv2%2Fcomments&post=16"}],"version-history":[{"count":142,"href":"https:\/\/www.handballratingen.de\/wp\/index.php?rest_route=\/wp\/v2\/pages\/16\/revisions"}],"predecessor-version":[{"id":31777,"href":"https:\/\/www.handballratingen.de\/wp\/index.php?rest_route=\/wp\/v2\/pages\/16\/revisions\/31777"}],"wp:attachment":[{"href":"https:\/\/www.handballratingen.de\/wp\/index.php?rest_route=%2Fwp%2Fv2%2Fmedia&parent=16"}],"curies":[{"name":"wp","href":"https:\/\/api.w.org\/{rel}","templated":true}]}}