{"id":176,"date":"2013-09-10T22:18:16","date_gmt":"2013-09-10T20:18:16","guid":{"rendered":"http:\/\/handballratingen.de\/wp\/?page_id=176"},"modified":"2015-07-13T09:19:49","modified_gmt":"2015-07-13T08:19:49","slug":"der-8-mann","status":"publish","type":"page","link":"https:\/\/www.handballratingen.de\/wp\/?page_id=176","title":{"rendered":"Der 8. Mann"},"content":{"rendered":"<p>&nbsp;<\/p>\n<p>In jedem Heimspiel ist er da: lautstark, emotionsgeladen, mitrei\u00dfend.\u00a0<span style=\"color: #339966;\"><strong>Der 8. Mann<\/strong><\/span>, das sind die Fans der Handball-Abteilung\u00a0 des TV Ratingen. Sie zeigen den Mannschaften ihre Treue, Unterst\u00fctzung und Emotionen.<\/p>\n<div>\n<h2 style=\"text-align: center;\" align=\"justify\"><strong><span style=\"font-size: medium;\">AUS TRADITION &#8211; AUS LEIDENSCHAFT &#8211; AUS RATINGEN<\/span><\/strong><\/h2>\n<p align=\"justify\">&#8230; das sind die Ratinger Handballfans, zu Hause am Europaring.<\/p>\n<p align=\"justify\"><span style=\"color: #339966;\"><strong>Der 8. Mann<\/strong><\/span>, das sind aber auch die vielen verantwortlichen Helferinnen und Helfer, die hinter den Sieben auf dem Feld stehen. Es sind viele Begegnungen, bei denen sich die Spieler keine Niederlage erlauben d\u00fcrfen, wo sie R\u00fcckst\u00e4nde aufholen m\u00fcssen und immer wieder den Druck im Nacken sp\u00fcren.<\/p>\n<p align=\"justify\"><span style=\"color: #339966;\"><strong>Der 8. Mann<\/strong><\/span>\u00a0ist da, wenn die Mannschaften gewinnen und wichtige Punkte nach Hause holen. Die Fans helfen den Spielern, \u00fcber sich hinauszuwachsen.<\/p>\n<p align=\"justify\"><span style=\"color: #339966;\"><strong>Der 8. Mann<\/strong><\/span>\u00a0schafft die einzigartige Atmosph\u00e4re in der heimischen Halle am Europaring und f\u00fcllt sie mit Leben.<\/p>\n<p align=\"justify\"><strong><span style=\"color: #339966;\">Der 8. Mann<\/span><\/strong> &#8211; ein Garant f\u00fcr erlebten Handball in der Halle am Europaring.<\/p>\n<p style=\"text-align: center;\" align=\"justify\">\n<\/div>\n<p><!--cforms--><\/p>\n","protected":false},"excerpt":{"rendered":"<p>&nbsp; In jedem Heimspiel ist er da: lautstark, emotionsgeladen, mitrei\u00dfend.\u00a0Der 8. Mann, das sind die Fans der Handball-Abteilung\u00a0 des TV Ratingen. Sie zeigen den Mannschaften ihre Treue, Unterst\u00fctzung und Emotionen. AUS TRADITION &#8211; AUS LEIDENSCHAFT &#8211; AUS RATINGEN &#8230; das sind die Ratinger Handballfans, zu Hause am Europaring. Der 8.  [&#8230;]<\/p>\n","protected":false},"author":1,"featured_media":2635,"parent":0,"menu_order":0,"comment_status":"open","ping_status":"open","template":"","meta":{"ngg_post_thumbnail":0,"footnotes":""},"class_list":["post-176","page","type-page","status-publish","has-post-thumbnail","hentry"],"jetpack_sharing_enabled":true,"jetpack_shortlink":"https:\/\/wp.me\/P4Z74q-2Q","_links":{"self":[{"href":"https:\/\/www.handballratingen.de\/wp\/index.php?rest_route=\/wp\/v2\/pages\/176","targetHints":{"allow":["GET"]}}],"collection":[{"href":"https:\/\/www.handballratingen.de\/wp\/index.php?rest_route=\/wp\/v2\/pages"}],"about":[{"href":"https:\/\/www.handballratingen.de\/wp\/index.php?rest_route=\/wp\/v2\/types\/page"}],"author":[{"embeddable":true,"href":"https:\/\/www.handballratingen.de\/wp\/index.php?rest_route=\/wp\/v2\/users\/1"}],"replies":[{"embeddable":true,"href":"https:\/\/www.handballratingen.de\/wp\/index.php?rest_route=%2Fwp%2Fv2%2Fcomments&post=176"}],"version-history":[{"count":10,"href":"https:\/\/www.handballratingen.de\/wp\/index.php?rest_route=\/wp\/v2\/pages\/176\/revisions"}],"predecessor-version":[{"id":4989,"href":"https:\/\/www.handballratingen.de\/wp\/index.php?rest_route=\/wp\/v2\/pages\/176\/revisions\/4989"}],"wp:featuredmedia":[{"embeddable":true,"href":"https:\/\/www.handballratingen.de\/wp\/index.php?rest_route=\/wp\/v2\/media\/2635"}],"wp:attachment":[{"href":"https:\/\/www.handballratingen.de\/wp\/index.php?rest_route=%2Fwp%2Fv2%2Fmedia&parent=176"}],"curies":[{"name":"wp","href":"https:\/\/api.w.org\/{rel}","templated":true}]}}