{"id":20,"date":"2013-09-09T22:10:12","date_gmt":"2013-09-09T20:10:12","guid":{"rendered":"http:\/\/handballratingen.de\/wp\/?page_id=20"},"modified":"2019-02-21T13:46:37","modified_gmt":"2019-02-21T12:46:37","slug":"kontakt","status":"publish","type":"page","link":"https:\/\/www.handballratingen.de\/wp\/?page_id=20","title":{"rendered":"Kontakt"},"content":{"rendered":"<p><strong>Kontakt zum TV Ratingen Handball? Kein Problem!<\/strong><\/p>\n<div>\n<p>Benutzen Sie das Kontaktformular und schreiben Sie uns.<\/p>\n<p>Mit dem Absenden des Kontaktformulars erkl\u00e4ren Sie sich mit der Verarbeitung Ihrer Daten zu Zwecken der Beantwortung Ihrer Anfrage einverstanden. Hinweise zur Verarbeitung Ihrer Daten, Ihrem Widerrufsrecht und Datenschutz erhalten Sie in unserer <a href=\"https:\/\/www.handballratingen.de\/wp\/?page_id=10814\">Datenschutzerkl\u00e4rung<\/a>.<\/p>\n<p>Wir melden uns bei Ihnen &#8230;.. garantiert!<\/p>\n<div class=\"fusion-fullwidth fullwidth-box fusion-builder-row-1 hundred-percent-fullwidth non-hundred-percent-height-scrolling\" style=\"--awb-border-radius-top-left:0px;--awb-border-radius-top-right:0px;--awb-border-radius-bottom-right:0px;--awb-border-radius-bottom-left:0px;--awb-overflow:visible;--awb-flex-wrap:wrap;\" ><div class=\"fusion-builder-row fusion-row\"><div class=\"fusion-layout-column fusion_builder_column fusion-builder-column-0 fusion_builder_column_1_1 1_1 fusion-one-full fusion-column-first fusion-column-last fusion-column-no-min-height\" style=\"--awb-bg-size:cover;--awb-margin-bottom:0px;\"><div class=\"fusion-column-wrapper fusion-flex-column-wrapper-legacy\">\n<div class=\"wpcf7 no-js\" id=\"wpcf7-f10858-o1\" lang=\"de-DE\" dir=\"ltr\" data-wpcf7-id=\"10858\">\n<div class=\"screen-reader-response\"><p role=\"status\" aria-live=\"polite\" aria-atomic=\"true\"><\/p> <ul><\/ul><\/div>\n<form action=\"\/wp\/index.php?rest_route=%2Fwp%2Fv2%2Fpages%2F20#wpcf7-f10858-o1\" method=\"post\" class=\"wpcf7-form init\" aria-label=\"Kontaktformular\" novalidate=\"novalidate\" data-status=\"init\">\n<fieldset class=\"hidden-fields-container\"><input type=\"hidden\" name=\"_wpcf7\" value=\"10858\" \/><input type=\"hidden\" name=\"_wpcf7_version\" value=\"6.1.5\" \/><input type=\"hidden\" name=\"_wpcf7_locale\" value=\"de_DE\" \/><input type=\"hidden\" name=\"_wpcf7_unit_tag\" value=\"wpcf7-f10858-o1\" \/><input type=\"hidden\" name=\"_wpcf7_container_post\" value=\"0\" \/><input type=\"hidden\" name=\"_wpcf7_posted_data_hash\" value=\"\" \/>\n<\/fieldset>\n<p><label> Ihre E-Mail-Adresse (Pflichtfeld)<br \/>\n<span class=\"wpcf7-form-control-wrap\" data-name=\"your-email\"><input size=\"40\" maxlength=\"400\" class=\"wpcf7-form-control wpcf7-email wpcf7-validates-as-required wpcf7-text wpcf7-validates-as-email\" aria-required=\"true\" aria-invalid=\"false\" value=\"\" type=\"email\" name=\"your-email\" \/><\/span> <\/label>\n<\/p>\n<p><label> Betreff<br \/>\n<span class=\"wpcf7-form-control-wrap\" data-name=\"your-subject\"><input size=\"40\" maxlength=\"400\" class=\"wpcf7-form-control wpcf7-text\" aria-invalid=\"false\" value=\"\" type=\"text\" name=\"your-subject\" \/><\/span> <\/label>\n<\/p>\n<p><label> Ihre Nachricht<br \/>\n<span class=\"wpcf7-form-control-wrap\" data-name=\"your-message\"><textarea cols=\"40\" rows=\"10\" maxlength=\"2000\" class=\"wpcf7-form-control wpcf7-textarea\" aria-invalid=\"false\" name=\"your-message\"><\/textarea><\/span> <\/label>\n<\/p>\n<p><span class=\"wpcf7-form-control-wrap\" data-name=\"checkbox-695\"><span class=\"wpcf7-form-control wpcf7-checkbox wpcf7-validates-as-required\"><span class=\"wpcf7-list-item first last\"><input type=\"checkbox\" name=\"checkbox-695[]\" value=\"Ich erkl\u00e4re mich mit der mit der Verarbeitung meiner Daten gem\u00e4\u00df Datenschutzerkl\u00e4rung zu Zwecken der Beantwortung der Anfrage einverstanden.\" \/><span class=\"wpcf7-list-item-label\">Ich erkl\u00e4re mich mit der mit der Verarbeitung meiner Daten gem\u00e4\u00df Datenschutzerkl\u00e4rung zu Zwecken der Beantwortung der Anfrage einverstanden.<\/span><\/span><\/span><\/span>\n<\/p>\n<p><input class=\"wpcf7-form-control wpcf7-submit has-spinner\" type=\"submit\" value=\"Senden\" \/>\n<\/p><div class=\"fusion-alert alert custom alert-custom fusion-alert-center wpcf7-response-output fusion-alert-capitalize awb-alert-native-link-color alert-dismissable awb-alert-close-boxed\" style=\"--awb-border-size:1px;--awb-border-top-left-radius:0px;--awb-border-top-right-radius:0px;--awb-border-bottom-left-radius:0px;--awb-border-bottom-right-radius:0px;\" role=\"alert\"><div class=\"fusion-alert-content-wrapper\"><span class=\"fusion-alert-content\"><\/span><\/div><button type=\"button\" class=\"close toggle-alert\" data-dismiss=\"alert\" aria-label=\"Close\">&times;<\/button><\/div>\n<\/form>\n<\/div>\n\n<p>Mit dem Absenden des Kontaktformulars erkl\u00e4ren Sie sich mit der Verarbeitung Ihrer Daten zu Zwecken der Beantwortung Ihrer Anfrage einverstanden. Hinweise zur Verarbeitung Ihrer Daten, Ihrem Widerrufsrecht und Datenschutz erhalten Sie in unserer <a href=\"https:\/\/www.handballratingen.de\/wp\/?page_id=10814\">Datenschutzerkl\u00e4rung<\/a>.<\/p>\n<p>&nbsp;<\/p>\n<\/div>\n<div class=\"fusion-clearfix\"><\/div><\/div><\/div><\/div><\/div>\n","protected":false},"excerpt":{"rendered":"<p>Kontakt zum TV Ratingen Handball? Kein Problem! Benutzen Sie das Kontaktformular und schreiben Sie uns. Mit dem Absenden des Kontaktformulars erkl\u00e4ren Sie sich mit der Verarbeitung Ihrer Daten zu Zwecken der Beantwortung Ihrer Anfrage einverstanden. Hinweise zur Verarbeitung Ihrer Daten, Ihrem Widerrufsrecht und Datenschutz erhalten Sie in unserer Datenschutzerkl\u00e4rung. Wir  [&#8230;]<\/p>\n","protected":false},"author":1,"featured_media":0,"parent":0,"menu_order":0,"comment_status":"open","ping_status":"open","template":"","meta":{"ngg_post_thumbnail":0,"footnotes":""},"class_list":["post-20","page","type-page","status-publish","hentry"],"jetpack_sharing_enabled":true,"jetpack_shortlink":"https:\/\/wp.me\/P4Z74q-k","_links":{"self":[{"href":"https:\/\/www.handballratingen.de\/wp\/index.php?rest_route=\/wp\/v2\/pages\/20","targetHints":{"allow":["GET"]}}],"collection":[{"href":"https:\/\/www.handballratingen.de\/wp\/index.php?rest_route=\/wp\/v2\/pages"}],"about":[{"href":"https:\/\/www.handballratingen.de\/wp\/index.php?rest_route=\/wp\/v2\/types\/page"}],"author":[{"embeddable":true,"href":"https:\/\/www.handballratingen.de\/wp\/index.php?rest_route=\/wp\/v2\/users\/1"}],"replies":[{"embeddable":true,"href":"https:\/\/www.handballratingen.de\/wp\/index.php?rest_route=%2Fwp%2Fv2%2Fcomments&post=20"}],"version-history":[{"count":14,"href":"https:\/\/www.handballratingen.de\/wp\/index.php?rest_route=\/wp\/v2\/pages\/20\/revisions"}],"predecessor-version":[{"id":10860,"href":"https:\/\/www.handballratingen.de\/wp\/index.php?rest_route=\/wp\/v2\/pages\/20\/revisions\/10860"}],"wp:attachment":[{"href":"https:\/\/www.handballratingen.de\/wp\/index.php?rest_route=%2Fwp%2Fv2%2Fmedia&parent=20"}],"curies":[{"name":"wp","href":"https:\/\/api.w.org\/{rel}","templated":true}]}}