{"id":4531,"date":"2015-03-26T10:52:40","date_gmt":"2015-03-26T09:52:40","guid":{"rendered":"http:\/\/handballratingen.de\/wp\/?page_id=4531"},"modified":"2019-02-21T13:46:33","modified_gmt":"2019-02-21T12:46:33","slug":"liveblog","status":"publish","type":"page","link":"https:\/\/www.handballratingen.de\/wp\/?page_id=4531","title":{"rendered":"Liveblog"},"content":{"rendered":"<p><a href=\"http:\/\/handballratingen.de\/wp\/wp-content\/uploads\/2015\/03\/tvr_blog.jpg\"><img decoding=\"async\" class=\"alignleft wp-image-4851 size-medium\" src=\"http:\/\/handballratingen.de\/wp\/wp-content\/uploads\/2015\/03\/tvr_blog-300x212.jpg\" alt=\"tvr_blog\" width=\"300\" height=\"212\" srcset=\"https:\/\/www.handballratingen.de\/wp\/wp-content\/uploads\/2015\/03\/tvr_blog-300x212.jpg 300w, https:\/\/www.handballratingen.de\/wp\/wp-content\/uploads\/2015\/03\/tvr_blog-1024x724.jpg 1024w, https:\/\/www.handballratingen.de\/wp\/wp-content\/uploads\/2015\/03\/tvr_blog.jpg 1114w\" sizes=\"(max-width: 300px) 100vw, 300px\" \/><\/a>Auf dieser Seite werden wir in unregelm\u00e4\u00dfigen Abst\u00e4nden von ausgesuchten Spielen des TV Ratingen live berichten. Die Spiele werden wir rechtzeitig vorher auf unserer <a href=\"https:\/\/www.facebook.com\/TVRatingen.Handball\" target=\"_blank\">Facebookseite<\/a> bekanntgeben.<\/p>\n<p>Die jeweiligen Links f\u00fchren direkt zu den Blogs.<\/p>\n<p>Eure Online-Redaktion<\/p>\n<p>&nbsp;<\/p>\n<p>&nbsp;<\/p>\n<p><a href=\"http:\/\/handballratingen.de\/wp\/?page_id=4855\">Liveblog vom 10.06.2015: TuS Lintfort A1 &#8211; TV Ratingen A1 (HVN-Qualifikation)<\/a><\/p>\n<p><a href=\"http:\/\/handballratingen.de\/wp\/?page_id=4840\">Liveblog vom 04.06.2015: TSV Schermbeck B1 \u2013 TV Ratingen B1 (HVN-Qualifikation)<\/a><\/p>\n<p>&nbsp;<\/p>\n<p>&nbsp;<\/p>\n","protected":false},"excerpt":{"rendered":"<p>Auf dieser Seite werden wir in unregelm\u00e4\u00dfigen Abst\u00e4nden von ausgesuchten Spielen des TV Ratingen live berichten. Die Spiele werden wir rechtzeitig vorher auf unserer Facebookseite bekanntgeben. Die jeweiligen Links f\u00fchren direkt zu den Blogs. Eure Online-Redaktion &nbsp; &nbsp; Liveblog vom 10.06.2015: TuS Lintfort A1 &#8211; TV Ratingen A1 (HVN-Qualifikation) Liveblog  [&#8230;]<\/p>\n","protected":false},"author":24,"featured_media":0,"parent":0,"menu_order":0,"comment_status":"closed","ping_status":"open","template":"","meta":{"ngg_post_thumbnail":0,"jetpack_post_was_ever_published":false,"footnotes":""},"class_list":["post-4531","page","type-page","status-publish","hentry"],"jetpack_sharing_enabled":true,"jetpack_shortlink":"https:\/\/wp.me\/P4Z74q-1b5","_links":{"self":[{"href":"https:\/\/www.handballratingen.de\/wp\/index.php?rest_route=\/wp\/v2\/pages\/4531","targetHints":{"allow":["GET"]}}],"collection":[{"href":"https:\/\/www.handballratingen.de\/wp\/index.php?rest_route=\/wp\/v2\/pages"}],"about":[{"href":"https:\/\/www.handballratingen.de\/wp\/index.php?rest_route=\/wp\/v2\/types\/page"}],"author":[{"embeddable":true,"href":"https:\/\/www.handballratingen.de\/wp\/index.php?rest_route=\/wp\/v2\/users\/24"}],"replies":[{"embeddable":true,"href":"https:\/\/www.handballratingen.de\/wp\/index.php?rest_route=%2Fwp%2Fv2%2Fcomments&post=4531"}],"version-history":[{"count":7,"href":"https:\/\/www.handballratingen.de\/wp\/index.php?rest_route=\/wp\/v2\/pages\/4531\/revisions"}],"predecessor-version":[{"id":4857,"href":"https:\/\/www.handballratingen.de\/wp\/index.php?rest_route=\/wp\/v2\/pages\/4531\/revisions\/4857"}],"wp:attachment":[{"href":"https:\/\/www.handballratingen.de\/wp\/index.php?rest_route=%2Fwp%2Fv2%2Fmedia&parent=4531"}],"curies":[{"name":"wp","href":"https:\/\/api.w.org\/{rel}","templated":true}]}}