{"id":482,"date":"2013-09-12T09:49:44","date_gmt":"2013-09-12T07:49:44","guid":{"rendered":"http:\/\/handballratingen.de\/wp\/?page_id=482"},"modified":"2018-05-10T08:55:56","modified_gmt":"2018-05-10T07:55:56","slug":"impressum","status":"publish","type":"page","link":"https:\/\/www.handballratingen.de\/wp\/?page_id=482","title":{"rendered":"Impressum"},"content":{"rendered":"<p style=\"text-align: left;\">Diese Website ist keine offizielle, sondern eine private Internetpr\u00e4senz der Handballabteilung des Turnverein Ratingen 1865 e.V.<\/p>\n<p style=\"text-align: left;\">Verantwortlicher gem\u00e4\u00df \u00a7 5 TMG:<\/p>\n<p style=\"text-align: left;\">Dr. Marcus Otten, c\/o TV Ratingen, Stadionring 5, 40878 Ratingen, Tel. (02102)-2096-0, marcus.otten@handballratingen.de<\/p>\n<p style=\"text-align: left;\">URLs dieser Website: <strong>handballratingen.de \/ tvratingen-handball.de \/ handballtradition-ratingen.de<\/strong><\/p>\n<p style=\"text-align: left;\">Alle auf dieser Webseite genannten Personen widersprechen hiermit jeder kommerziellen Nutzung und Weitergabe ihrer Daten (vgl. \u00a7 28 BDSG). Alle auf dieser Webseite ver\u00f6ffentlichten Beitr\u00e4ge und Abbildungen sind urheberrechtlich gesch\u00fctzt. Jede vom Urheberrechtsgesetz nicht zugelassene Verwertung bedarf einer schriftlichen Erlaubnis. Dies gilt insbesondere f\u00fcr Vervielf\u00e4ltigung, Bearbeitung, Speicherung, Verarbeitung und Wiedergabe von Inhalten in Datenbanken oder anderen elektronischen Medien und Systemen. Fotokopien und Downloads von dieser Webseite als Ganzes oder in Teilen d\u00fcrfen nur f\u00fcr den pers\u00f6nlichen, privaten und nicht kommerziellen Gebrauch hergestellt werden. Eine Kommunikation per eMail weist Sicherheitsl\u00fccken auf. Erhalten wir eine eMail von Ihnen, so gehen wir davon aus, dass wir zu einer Beantwortung per eMail berechtigt sind. Ist dies nicht der Fall, so m\u00fcssen Sie ausdr\u00fccklich auf eine andere Art der Kommunikation verweisen. Links auf Webseiten Dritter: Die ver\u00f6ffentlichten Links werden mit gr\u00f6\u00dftm\u00f6glicher Sorgfalt recherchiert und zusammengestellt. Wir haben keinen Einfluss auf die aktuelle und zuk\u00fcnftige Gestaltung und Inhalte der verlinkten Seiten. Der Webseitenbetreiber ist nicht f\u00fcr den Inhalt der verkn\u00fcpften Seiten verantwortlich und macht sich den Inhalt nicht zu eigen. F\u00fcr illegale, fehlerhafte oder unvollst\u00e4ndige Inhalte sowie f\u00fcr Sch\u00e4den, die durch die Nutzung oder Nichtnutzung der Informationen entstehen, haftet allein der Anbieter der Web-Site, auf die verwiesen wurde. Die Haftung desjenigen, der lediglich auf die Ver\u00f6ffentlichung durch einen Link hinweist, ist ausgeschlossen. F\u00fcr fremde Hinweise sind wir nur dann verantwortlich, wenn wir von den Seiten, d.h. auch von einem eventuellen rechtswidrigen bzw.strafbaren Inhalt, positive Kenntnis hat, und es technisch m\u00f6glich und zumutbar ist, deren Nutzung zu verhindern.<\/p>\n<h2 style=\"text-align: left;\">Haftungsausschluss:<\/h2>\n<h3 style=\"text-align: left;\">Haftung f\u00fcr Inhalte<\/h3>\n<p style=\"text-align: left;\">Die Inhalte unserer Seiten wurden mit gr\u00f6\u00dfter Sorgfalt erstellt. F\u00fcr die Richtigkeit, Vollst\u00e4ndigkeit und Aktualit\u00e4t der Inhalte k\u00f6nnen wir jedoch keine Gew\u00e4hr \u00fcbernehmen. Als Diensteanbieter sind wir gem\u00e4\u00df \u00a7 7 Abs.1 TMG f\u00fcr eigene Inhalte auf diesen Seiten nach den allgemeinen Gesetzen verantwortlich. Nach \u00a7\u00a7 8 bis 10 TMG sind wir als Diensteanbieter jedoch nicht verpflichtet, \u00fcbermittelte oder gespeicherte fremde Informationen zu \u00fcberwachen oder nach Umst\u00e4nden zu forschen, die auf eine rechtswidrige T\u00e4tigkeit hinweisen. Verpflichtungen zur Entfernung oder Sperrung der Nutzung von Informationen nach den allgemeinen Gesetzen bleiben hiervon unber\u00fchrt. Eine diesbez\u00fcgliche Haftung ist jedoch erst ab dem Zeitpunkt der Kenntnis einer konkreten Rechtsverletzung m\u00f6glich. Bei Bekanntwerden von entsprechenden Rechtsverletzungen werden wir diese Inhalte umgehend entfernen.<\/p>\n<h3 style=\"text-align: left;\">Haftung f\u00fcr Links<\/h3>\n<p style=\"text-align: left;\">Unser Angebot enth\u00e4lt Links zu externen Webseiten Dritter, auf deren Inhalte wir keinen Einfluss haben. Deshalb k\u00f6nnen wir f\u00fcr diese fremden Inhalte auch keine Gew\u00e4hr \u00fcbernehmen. F\u00fcr die Inhalte der verlinkten Seiten ist stets der jeweilige Anbieter oder Betreiber der Seiten verantwortlich. Die verlinkten Seiten wurden zum Zeitpunkt der Verlinkung auf m\u00f6gliche Rechtsverst\u00f6\u00dfe \u00fcberpr\u00fcft. Rechtswidrige Inhalte waren zum Zeitpunkt der Verlinkung nicht erkennbar. Eine permanente inhaltliche Kontrolle der verlinkten Seiten ist jedoch ohne konkrete Anhaltspunkte einer Rechtsverletzung nicht zumutbar. Bei Bekanntwerden von Rechtsverletzungen werden wir derartige Links umgehend entfernen.<\/p>\n<h3 style=\"text-align: left;\">Urheberrecht<\/h3>\n<p style=\"text-align: left;\">Die durch die Seitenbetreiber erstellten Inhalte und Werke auf diesen Seiten unterliegen dem deutschen Urheberrecht. Die Vervielf\u00e4ltigung, Bearbeitung, Verbreitung und jede Art der Verwertung au\u00dferhalb der Grenzen des Urheberrechtes bed\u00fcrfen der schriftlichen Zustimmung des jeweiligen Autors bzw. Erstellers. Downloads und Kopien dieser Seite sind nur f\u00fcr den privaten, nicht kommerziellen Gebrauch gestattet. Soweit die Inhalte auf dieser Seite nicht vom Betreiber erstellt wurden, werden die Urheberrechte Dritter beachtet. Insbesondere werden Inhalte Dritter als solche gekennzeichnet. Sollten Sie trotzdem auf eine Urheberrechtsverletzung aufmerksam werden, bitten wir um einen entsprechenden Hinweis. Bei Bekanntwerden von Rechtsverletzungen werden wir derartige Inhalte umgehend entfernen.<\/p>\n","protected":false},"excerpt":{"rendered":"<p>Diese Website ist keine offizielle, sondern eine private Internetpr\u00e4senz der Handballabteilung des Turnverein Ratingen 1865 e.V. Verantwortlicher gem\u00e4\u00df \u00a7 5 TMG: Dr. Marcus Otten, c\/o TV Ratingen, Stadionring 5, 40878 Ratingen, Tel. (02102)-2096-0, marcus.otten@handballratingen.de URLs dieser Website: handballratingen.de \/ tvratingen-handball.de \/ handballtradition-ratingen.de Alle auf dieser Webseite genannten Personen widersprechen hiermit  [&#8230;]<\/p>\n","protected":false},"author":1,"featured_media":0,"parent":0,"menu_order":0,"comment_status":"open","ping_status":"open","template":"","meta":{"ngg_post_thumbnail":0,"jetpack_post_was_ever_published":false,"footnotes":""},"class_list":["post-482","page","type-page","status-publish","hentry"],"jetpack_sharing_enabled":true,"jetpack_shortlink":"https:\/\/wp.me\/P4Z74q-7M","_links":{"self":[{"href":"https:\/\/www.handballratingen.de\/wp\/index.php?rest_route=\/wp\/v2\/pages\/482","targetHints":{"allow":["GET"]}}],"collection":[{"href":"https:\/\/www.handballratingen.de\/wp\/index.php?rest_route=\/wp\/v2\/pages"}],"about":[{"href":"https:\/\/www.handballratingen.de\/wp\/index.php?rest_route=\/wp\/v2\/types\/page"}],"author":[{"embeddable":true,"href":"https:\/\/www.handballratingen.de\/wp\/index.php?rest_route=\/wp\/v2\/users\/1"}],"replies":[{"embeddable":true,"href":"https:\/\/www.handballratingen.de\/wp\/index.php?rest_route=%2Fwp%2Fv2%2Fcomments&post=482"}],"version-history":[{"count":18,"href":"https:\/\/www.handballratingen.de\/wp\/index.php?rest_route=\/wp\/v2\/pages\/482\/revisions"}],"predecessor-version":[{"id":10803,"href":"https:\/\/www.handballratingen.de\/wp\/index.php?rest_route=\/wp\/v2\/pages\/482\/revisions\/10803"}],"wp:attachment":[{"href":"https:\/\/www.handballratingen.de\/wp\/index.php?rest_route=%2Fwp%2Fv2%2Fmedia&parent=482"}],"curies":[{"name":"wp","href":"https:\/\/api.w.org\/{rel}","templated":true}]}}