{"id":5486,"date":"2015-09-08T20:09:35","date_gmt":"2015-09-08T19:09:35","guid":{"rendered":"http:\/\/handballratingen.de\/wp\/?page_id=5486"},"modified":"2019-12-18T10:16:24","modified_gmt":"2019-12-18T09:16:24","slug":"tvr-zukunftsfoerderer","status":"publish","type":"page","link":"https:\/\/www.handballratingen.de\/wp\/?page_id=5486","title":{"rendered":"TVR Zukunftsf\u00f6rderer"},"content":{"rendered":"<h3>Werden auch Sie TVR Zukunftsf\u00f6rderer!<\/h3>\n<p><a href=\"http:\/\/handballratingen.de\/wp\/wp-content\/uploads\/2015\/09\/20150903_jugendfoerder_vorstellung-Medium.jpg\"><img decoding=\"async\" class=\" wp-image-5453 alignright\" src=\"http:\/\/handballratingen.de\/wp\/wp-content\/uploads\/2015\/09\/20150903_jugendfoerder_vorstellung-Medium-300x162.jpg\" alt=\"20150903_jugendfoerder_vorstellung (Medium)\" width=\"210\" height=\"113\" srcset=\"https:\/\/www.handballratingen.de\/wp\/wp-content\/uploads\/2015\/09\/20150903_jugendfoerder_vorstellung-Medium-300x162.jpg 300w, https:\/\/www.handballratingen.de\/wp\/wp-content\/uploads\/2015\/09\/20150903_jugendfoerder_vorstellung-Medium-1024x552.jpg 1024w, https:\/\/www.handballratingen.de\/wp\/wp-content\/uploads\/2015\/09\/20150903_jugendfoerder_vorstellung-Medium.jpg 1366w\" sizes=\"(max-width: 210px) 100vw, 210px\" \/><\/a>\u201eMit Tradition in die Zukunft\u201c \u2013 diesem Leitspruch hat sich die Handballabteilung des TV Ratingen verschrieben. Aus diesem Grund haben die Handballer ein Projekt \u201eTVR Zukunftsf\u00f6rderer\u201c aufgelegt, in dem sie zweckgebunden f\u00fcr die Nachwuchsf\u00f6rderung in der Jugendabteilung Spenden in Form von Bausteinen einwerben m\u00f6chte. Einen F\u00f6rderbaustein kann man gegen eine Spende von 50 Euro \u201eerwerben\u201c. Der F\u00f6rderaufruf richtet sich sowohl an Firmen als auch an Privatpersonen, wie zum Beispiel Eltern oder Gro\u00dfeltern der Spielerinnen und Spieler in den Jugendmannschaften.<\/p>\n<p><a href=\"http:\/\/handballratingen.de\/wp\/wp-content\/uploads\/2015\/09\/20150903_TVR-ZukunftsF%C3%96RDERER-Spendenschreiben.pdf\" target=\"_blank\" rel=\"noopener noreferrer\"><img decoding=\"async\" class=\"alignleft wp-image-5449 size-medium\" src=\"http:\/\/handballratingen.de\/wp\/wp-content\/uploads\/2015\/09\/20150903_TVR-ZukunftsF%C3%96RDERER-Spendenschreiben-210x300.jpg\" alt=\"20150903_TVR-ZukunftsF\u00d6RDERER Spendenschreiben\" width=\"210\" height=\"300\"><\/a>Die Initiative ist Teil eines umfangreichen Partnerkonzeptes, das die Handballabteilung zu Beginn der Saison umgesetzt hat. Bereits sechs Firmen haben als Zukunftsf\u00f6rderer ihr Logo auf der F\u00f6rderer-Schautafel platziert. Im Innenbereich der Tafel stehen 100 Felder f\u00fcr weitere F\u00f6rderer zur Verf\u00fcgung, die ab jetzt gegen die besagte Spende von 50 Euro pro Feld an die Frau und an den Mann gebracht werden sollen. Jede Spenderin und jeder Spenden kann dann ein ausgew\u00e4hltes Feld mit einem individuellen Text beschriften lassen. Die Schautafel wird bei den Heimspielen der Senioren- und Jugendmannschaften an prominenter Stelle in der Halle ausgestellt und sowohl im Hallenheft als auch im Internetauftritt regelm\u00e4\u00dfig ver\u00f6ffentlicht.<\/p>\n<p>Das zugeh\u00f6rige Spendenformular kann hier herunter geladen werden: <a href=\"http:\/\/handballratingen.de\/wp\/wp-content\/uploads\/2015\/09\/20150903_TVR-ZukunftsF%C3%96RDERER-Spendenschreiben.pdf\">20150903_TVR-ZukunftsF\u00d6RDERER Spendenschreiben<\/a>.<\/p>\n","protected":false},"excerpt":{"rendered":"<p>Werden auch Sie TVR Zukunftsf\u00f6rderer! \u201eMit Tradition in die Zukunft\u201c \u2013 diesem Leitspruch hat sich die Handballabteilung des TV Ratingen verschrieben. Aus diesem Grund haben die Handballer ein Projekt \u201eTVR Zukunftsf\u00f6rderer\u201c aufgelegt, in dem sie zweckgebunden f\u00fcr die Nachwuchsf\u00f6rderung in der Jugendabteilung Spenden in Form von Bausteinen einwerben m\u00f6chte. Einen  [&#8230;]<\/p>\n","protected":false},"author":24,"featured_media":0,"parent":28,"menu_order":0,"comment_status":"closed","ping_status":"open","template":"","meta":{"ngg_post_thumbnail":0,"jetpack_post_was_ever_published":false,"footnotes":""},"class_list":["post-5486","page","type-page","status-publish","hentry"],"jetpack_sharing_enabled":true,"jetpack_shortlink":"https:\/\/wp.me\/P4Z74q-1qu","_links":{"self":[{"href":"https:\/\/www.handballratingen.de\/wp\/index.php?rest_route=\/wp\/v2\/pages\/5486","targetHints":{"allow":["GET"]}}],"collection":[{"href":"https:\/\/www.handballratingen.de\/wp\/index.php?rest_route=\/wp\/v2\/pages"}],"about":[{"href":"https:\/\/www.handballratingen.de\/wp\/index.php?rest_route=\/wp\/v2\/types\/page"}],"author":[{"embeddable":true,"href":"https:\/\/www.handballratingen.de\/wp\/index.php?rest_route=\/wp\/v2\/users\/24"}],"replies":[{"embeddable":true,"href":"https:\/\/www.handballratingen.de\/wp\/index.php?rest_route=%2Fwp%2Fv2%2Fcomments&post=5486"}],"version-history":[{"count":6,"href":"https:\/\/www.handballratingen.de\/wp\/index.php?rest_route=\/wp\/v2\/pages\/5486\/revisions"}],"predecessor-version":[{"id":16842,"href":"https:\/\/www.handballratingen.de\/wp\/index.php?rest_route=\/wp\/v2\/pages\/5486\/revisions\/16842"}],"up":[{"embeddable":true,"href":"https:\/\/www.handballratingen.de\/wp\/index.php?rest_route=\/wp\/v2\/pages\/28"}],"wp:attachment":[{"href":"https:\/\/www.handballratingen.de\/wp\/index.php?rest_route=%2Fwp%2Fv2%2Fmedia&parent=5486"}],"curies":[{"name":"wp","href":"https:\/\/api.w.org\/{rel}","templated":true}]}}