{"id":6375,"date":"2016-01-03T20:08:08","date_gmt":"2016-01-03T19:08:08","guid":{"rendered":"http:\/\/handballratingen.de\/wp\/?page_id=6375"},"modified":"2016-01-03T20:39:21","modified_gmt":"2016-01-03T19:39:21","slug":"training","status":"publish","type":"page","link":"https:\/\/www.handballratingen.de\/wp\/?page_id=6375","title":{"rendered":"Training"},"content":{"rendered":"<p>Auf diesem Seiten haben wir die wichtigsten Informationen \u00fcber unseren Trainingsbetrieb zusammengestellt. Hier k\u00f6nnt Ihr Euch \u00fcber die Trainingszeiten, unsere Sportst\u00e4tten und unsere Trainer informieren und auch direkt per E-Mail Kontakt zu den \u00dcbungsleitern aufnehmen.<\/p>\n<p>Und falls Ihr selbst einmal als Trainer im Jugendbereich arbeiten m\u00f6chtet, finden sich hier auch weitergehende Informationen.<\/p>\n<p>Wir stehen Euch in Sachen Handball gerne zur Seite: Aus Tradition &#8211; aus Ratingen!<\/p>\n","protected":false},"excerpt":{"rendered":"<p>Auf diesem Seiten haben wir die wichtigsten Informationen \u00fcber unseren Trainingsbetrieb zusammengestellt. Hier k\u00f6nnt Ihr Euch \u00fcber die Trainingszeiten, unsere Sportst\u00e4tten und unsere Trainer informieren und auch direkt per E-Mail Kontakt zu den \u00dcbungsleitern aufnehmen. Und falls Ihr selbst einmal als Trainer im Jugendbereich arbeiten m\u00f6chtet, finden sich hier auch  [&#8230;]<\/p>\n","protected":false},"author":24,"featured_media":0,"parent":0,"menu_order":0,"comment_status":"closed","ping_status":"closed","template":"","meta":{"ngg_post_thumbnail":0,"jetpack_post_was_ever_published":false,"footnotes":""},"class_list":["post-6375","page","type-page","status-publish","hentry"],"jetpack_sharing_enabled":true,"jetpack_shortlink":"https:\/\/wp.me\/P4Z74q-1EP","_links":{"self":[{"href":"https:\/\/www.handballratingen.de\/wp\/index.php?rest_route=\/wp\/v2\/pages\/6375","targetHints":{"allow":["GET"]}}],"collection":[{"href":"https:\/\/www.handballratingen.de\/wp\/index.php?rest_route=\/wp\/v2\/pages"}],"about":[{"href":"https:\/\/www.handballratingen.de\/wp\/index.php?rest_route=\/wp\/v2\/types\/page"}],"author":[{"embeddable":true,"href":"https:\/\/www.handballratingen.de\/wp\/index.php?rest_route=\/wp\/v2\/users\/24"}],"replies":[{"embeddable":true,"href":"https:\/\/www.handballratingen.de\/wp\/index.php?rest_route=%2Fwp%2Fv2%2Fcomments&post=6375"}],"version-history":[{"count":2,"href":"https:\/\/www.handballratingen.de\/wp\/index.php?rest_route=\/wp\/v2\/pages\/6375\/revisions"}],"predecessor-version":[{"id":30181,"href":"https:\/\/www.handballratingen.de\/wp\/index.php?rest_route=\/wp\/v2\/pages\/6375\/revisions\/30181"}],"wp:attachment":[{"href":"https:\/\/www.handballratingen.de\/wp\/index.php?rest_route=%2Fwp%2Fv2%2Fmedia&parent=6375"}],"curies":[{"name":"wp","href":"https:\/\/api.w.org\/{rel}","templated":true}]}}