{"id":6393,"date":"2016-01-03T21:16:50","date_gmt":"2016-01-03T20:16:50","guid":{"rendered":"http:\/\/handballratingen.de\/wp\/?page_id=6393"},"modified":"2022-09-19T11:36:16","modified_gmt":"2022-09-19T10:36:16","slug":"we-want-u-als-jugendtrainer","status":"publish","type":"page","link":"https:\/\/www.handballratingen.de\/wp\/?page_id=6393","title":{"rendered":"WE WANT U! Als Jugendtrainer!"},"content":{"rendered":"<h2>WE WANT U! Der TV Ratingen sucht Dich als Jugendtrainer\/in!<\/h2>\n<p>Zu Beginn der Saison 2015\/16&nbsp; hat die Handballabteilung des TV Ratingen das Projekt \u201eTVR-ZukunftsF\u00d6RDERER\u201c ins Leben gerufen und sammelt dar\u00fcber zweckbezogene Spenden f\u00fcr die Jugendabteilung. Ziel war es, die bereits breit aufgestellte Jugendarbeit weiterzuentwickeln und den Kindern und Jugendlichen die gr\u00f6\u00dftm\u00f6gliche Freude am Handballsport zu vermitteln und sie auch sozial weiterzubilden. Das Projekt durfte schon ein halbes Jahr sp\u00e4ter als voller Erfolg bezeichnet werden, denn bereits 27 Privatpersonen und elf Firmen hatten dieses Projekt mit ihren Spendenbeitr\u00e4gen unterst\u00fctzt. Und auch in den nachfolgenden Spielzeiten ist die Unterst\u00fctzung bis zum heutigen Tage ungebrochen.<\/p>\n<p>Der TV Ratingen kann mit Stolz behaupten, in jeder Altersklasse mindestens eine Jugendmannschaft stellen zu k\u00f6nnen. So finden alle handballinteressierten Kinder und Jugendliche im Nachwuchs die M\u00f6glichkeit, die beliebte Sportart f\u00fcr sich zu entdecken. Um dieses Angebot weiterhin aufrecht erhalten zu k\u00f6nnen und die notwendige Qualit\u00e4t im Jugendtraining und in der Jugendbetreuung gew\u00e4hren zu k\u00f6nnen, ist der TVR stets auf der Suche nach<\/p>\n<h3 style=\"text-align: center;\">engagierten Jugendtrainern\/-innen.<\/h3>\n<p>So m\u00f6chten wir genau DICH f\u00fcr den Jugendhandball begeistern und DICH als Jugendtrainer\/in gewinnen. Mit den Spenden aus dem TVR-ZukunftsF\u00d6RDERER-Projekt finanziert der TVR Deine Trainerausbildung, die Du mit der C-Lizenz einsteigend abschlie\u00dft. So bildest Du Dich fort und kannst Deine erworbenen Kenntnisse direkt an die Kinder und Jugendlichen weitergeben.<\/p>\n<p>Konnten wir Dein Interesse gewinnen und m\u00f6chtest Du dich f\u00fcr die Zukunft des TV Ratingen einsetzen? Dann wende Dich an <a href=\"mailto:beate.egert@handballratingen.de\">Beate Egert<\/a> oder <a href=\"mailto:jennifer.scherhag@handballratingen.de\">Jenni Scherhag<\/a>.<\/p>\n<p>Wir freuen uns auf Dich.<\/p>\n<p><em>Dein TVR-Team<\/em><\/p>\n<p>TV Ratingen-Handball \u2013 <em>Mit Tradition in die Zukunft<\/em><\/p>\n","protected":false},"excerpt":{"rendered":"<p>WE WANT U! Der TV Ratingen sucht Dich als Jugendtrainer\/in! Zu Beginn der Saison 2015\/16&nbsp; hat die Handballabteilung des TV Ratingen das Projekt \u201eTVR-ZukunftsF\u00d6RDERER\u201c ins Leben gerufen und sammelt dar\u00fcber zweckbezogene Spenden f\u00fcr die Jugendabteilung. Ziel war es, die bereits breit aufgestellte Jugendarbeit weiterzuentwickeln und den Kindern und Jugendlichen die  [&#8230;]<\/p>\n","protected":false},"author":24,"featured_media":4767,"parent":0,"menu_order":0,"comment_status":"closed","ping_status":"open","template":"","meta":{"ngg_post_thumbnail":0,"jetpack_post_was_ever_published":false,"footnotes":""},"class_list":["post-6393","page","type-page","status-publish","has-post-thumbnail","hentry"],"jetpack_sharing_enabled":true,"jetpack_shortlink":"https:\/\/wp.me\/P4Z74q-1F7","_links":{"self":[{"href":"https:\/\/www.handballratingen.de\/wp\/index.php?rest_route=\/wp\/v2\/pages\/6393","targetHints":{"allow":["GET"]}}],"collection":[{"href":"https:\/\/www.handballratingen.de\/wp\/index.php?rest_route=\/wp\/v2\/pages"}],"about":[{"href":"https:\/\/www.handballratingen.de\/wp\/index.php?rest_route=\/wp\/v2\/types\/page"}],"author":[{"embeddable":true,"href":"https:\/\/www.handballratingen.de\/wp\/index.php?rest_route=\/wp\/v2\/users\/24"}],"replies":[{"embeddable":true,"href":"https:\/\/www.handballratingen.de\/wp\/index.php?rest_route=%2Fwp%2Fv2%2Fcomments&post=6393"}],"version-history":[{"count":8,"href":"https:\/\/www.handballratingen.de\/wp\/index.php?rest_route=\/wp\/v2\/pages\/6393\/revisions"}],"predecessor-version":[{"id":21350,"href":"https:\/\/www.handballratingen.de\/wp\/index.php?rest_route=\/wp\/v2\/pages\/6393\/revisions\/21350"}],"wp:featuredmedia":[{"embeddable":true,"href":"https:\/\/www.handballratingen.de\/wp\/index.php?rest_route=\/wp\/v2\/media\/4767"}],"wp:attachment":[{"href":"https:\/\/www.handballratingen.de\/wp\/index.php?rest_route=%2Fwp%2Fv2%2Fmedia&parent=6393"}],"curies":[{"name":"wp","href":"https:\/\/api.w.org\/{rel}","templated":true}]}}