{"id":897,"date":"2013-09-15T22:52:44","date_gmt":"2013-09-15T20:52:44","guid":{"rendered":"http:\/\/handballratingen.de\/wp\/?page_id=897"},"modified":"2021-10-25T20:43:09","modified_gmt":"2021-10-25T19:43:09","slug":"eintrittskarten","status":"publish","type":"page","link":"https:\/\/www.handballratingen.de\/wp\/?page_id=897","title":{"rendered":"Eintrittskarten"},"content":{"rendered":"<h3 style=\"text-align: center;\">Den TV Ratingen in Aktion sehen?<br \/>\nUnsere familienfreundlichen Eintrittspreise finden Sie hier.<\/h3>\n<p><img decoding=\"async\" class=\"wp-image-901 aligncenter\" style=\"color: #339966;\" src=\"http:\/\/handballratingen.de\/wp\/wp-content\/uploads\/2013\/09\/eintrittskarte.jpg\" alt=\"eintrittskarte\" width=\"434\" height=\"288\" srcset=\"https:\/\/www.handballratingen.de\/wp\/wp-content\/uploads\/2013\/09\/eintrittskarte-300x199.jpg 300w, https:\/\/www.handballratingen.de\/wp\/wp-content\/uploads\/2013\/09\/eintrittskarte.jpg 723w\" sizes=\"(max-width: 434px) 100vw, 434px\" \/><\/p>\n<div class=\"table-1\">\n<table width=\"100%\">\n<thead>\n<tr>\n<th>&nbsp;<\/th>\n<th style=\"text-align: center;\">Regul\u00e4r<\/th>\n<th style=\"text-align: center;\">Erm\u00e4\u00dfigt (*)<\/th>\n<\/tr>\n<\/thead>\n<tbody>\n<tr>\n<td style=\"text-align: center;\">TVR Jahreskarte (**)<\/td>\n<td style=\"text-align: center;\"><strong>50,00 \u20ac<\/strong><\/td>\n<td style=\"text-align: center;\"><strong>30,00 \u20ac<\/strong><\/td>\n<\/tr>\n<tr>\n<td style=\"text-align: center;\">1. Damen (Verbandsliga)<\/td>\n<td style=\"text-align: center;\"><strong>3,00 \u20ac<\/strong><\/td>\n<td style=\"text-align: center;\"><strong>2,00 \u20ac<\/strong><\/td>\n<\/tr>\n<tr>\n<td style=\"text-align: center;\">1. Herren (Verbandsliga)<\/td>\n<td style=\"text-align: center;\"><strong>5,00 \u20ac<\/strong><\/td>\n<td style=\"text-align: center;\"><strong>3,00 \u20ac<\/strong><\/td>\n<\/tr>\n<tr>\n<td style=\"text-align: center;\">2. Herren (Landesliga)<\/td>\n<td style=\"text-align: center;\"><strong>3,00 \u20ac<\/strong><\/td>\n<td style=\"text-align: center;\"><strong>2,00 \u20ac<\/strong><\/td>\n<\/tr>\n<tr>\n<td style=\"text-align: center;\">Tageskarte Damen\/Herren<\/td>\n<td style=\"text-align: center;\"><strong>7,00 \u20ac<\/strong><\/td>\n<td style=\"text-align: center;\"><strong>4,00 \u20ac<\/strong><\/td>\n<\/tr>\n<tr>\n<td style=\"text-align: center;\">B1-Jugend (Oberliga)<\/td>\n<td style=\"text-align: center;\"><strong>2,00 \u20ac<\/strong><\/td>\n<td style=\"text-align: center;\"><strong>1,00 \u20ac<\/strong><\/td>\n<\/tr>\n<tr>\n<td style=\"text-align: center;\">C1-Jugend (Oberliga)<\/td>\n<td style=\"text-align: center;\"><strong>2,00 \u20ac<\/strong><\/td>\n<td style=\"text-align: center;\"><strong>1,00 \u20ac<\/strong><\/td>\n<\/tr>\n<tr>\n<td style=\"text-align: center;\">Spiele der anderen Mannschaften<\/td>\n<td style=\"text-align: center;\">kostenlos<\/td>\n<td style=\"text-align: center;\">&nbsp;kostenlos<\/td>\n<\/tr>\n<\/tbody>\n<\/table>\n<p>&nbsp;<\/p>\n<p>Kinder unter 14 Jahre, Schiedsrichterinnen\/Schiedsrichter mit g\u00fcltigem SR-Ausweis, aktive Spielerinnen\/Spieler und Trainerinnen\/Trainer haben freien Eintritt.<\/p>\n<p>(*) Die erm\u00e4\u00dfigten Eintrittspreise sind g\u00fcltig f\u00fcr Sch\u00fclerinnen\/Sch\u00fcler ab 14 Jahre, Auszubildende und Studierende, Begleitperson\/Partner der Aktiven, Rentnerinnen und Rentner, Schwerbehinderte und Empf\u00e4nger von ALG2 sowie Empf\u00e4nger von Sozialgeld.&nbsp;Bitte haben Sie Verst\u00e4ndnis daf\u00fcr, dass ohne entsprechenden Nachweis der volle Eintrittspreis berechnet wird.<\/p>\n<p>(**) Die Jahreskarte berechtigt zum Besuch aller Heimspiele einschlie\u00dflich der Pokalspiele der TV Ratingen Handballabteilung in der Spielzeit 2021\/22.<\/p>\n<\/div>\n","protected":false},"excerpt":{"rendered":"<p>Den TV Ratingen in Aktion sehen? Unsere familienfreundlichen Eintrittspreise finden Sie hier. &nbsp; Regul\u00e4r Erm\u00e4\u00dfigt (*) TVR Jahreskarte (**) 50,00 \u20ac 30,00 \u20ac 1. Damen (Verbandsliga) 3,00 \u20ac 2,00 \u20ac 1. Herren (Verbandsliga) 5,00 \u20ac 3,00 \u20ac 2. Herren (Landesliga) 3,00 \u20ac 2,00 \u20ac Tageskarte Damen\/Herren 7,00 \u20ac 4,00 \u20ac  [&#8230;]<\/p>\n","protected":false},"author":1,"featured_media":0,"parent":0,"menu_order":0,"comment_status":"open","ping_status":"open","template":"","meta":{"ngg_post_thumbnail":0,"jetpack_post_was_ever_published":false,"footnotes":""},"class_list":["post-897","page","type-page","status-publish","hentry"],"jetpack_sharing_enabled":true,"jetpack_shortlink":"https:\/\/wp.me\/P4Z74q-et","_links":{"self":[{"href":"https:\/\/www.handballratingen.de\/wp\/index.php?rest_route=\/wp\/v2\/pages\/897","targetHints":{"allow":["GET"]}}],"collection":[{"href":"https:\/\/www.handballratingen.de\/wp\/index.php?rest_route=\/wp\/v2\/pages"}],"about":[{"href":"https:\/\/www.handballratingen.de\/wp\/index.php?rest_route=\/wp\/v2\/types\/page"}],"author":[{"embeddable":true,"href":"https:\/\/www.handballratingen.de\/wp\/index.php?rest_route=\/wp\/v2\/users\/1"}],"replies":[{"embeddable":true,"href":"https:\/\/www.handballratingen.de\/wp\/index.php?rest_route=%2Fwp%2Fv2%2Fcomments&post=897"}],"version-history":[{"count":29,"href":"https:\/\/www.handballratingen.de\/wp\/index.php?rest_route=\/wp\/v2\/pages\/897\/revisions"}],"predecessor-version":[{"id":19746,"href":"https:\/\/www.handballratingen.de\/wp\/index.php?rest_route=\/wp\/v2\/pages\/897\/revisions\/19746"}],"wp:attachment":[{"href":"https:\/\/www.handballratingen.de\/wp\/index.php?rest_route=%2Fwp%2Fv2%2Fmedia&parent=897"}],"curies":[{"name":"wp","href":"https:\/\/api.w.org\/{rel}","templated":true}]}}